{"id":778,"date":"2020-08-02T10:22:07","date_gmt":"2020-08-02T10:22:07","guid":{"rendered":"https:\/\/tutmath.com\/?page_id=778"},"modified":"2020-08-02T10:22:07","modified_gmt":"2020-08-02T10:22:07","slug":"%d0%be%d0%bb%d0%b8%d0%bc%d0%bf%d0%b8%d0%b0%d0%b4%d0%bd%d0%b0%d1%8f-%d0%ba%d0%bb%d0%b0%d1%81%d1%81%d0%b8%d0%ba%d0%b0-3","status":"publish","type":"page","link":"https:\/\/tutmath.ru\/?page_id=778","title":{"rendered":"\u041e\u043b\u0438\u043c\u043f\u0438\u0430\u0434\u043d\u0430\u044f \u043a\u043b\u0430\u0441\u0441\u0438\u043a\u0430 (3)"},"content":{"rendered":"\n<h3 class=\"wp-block-heading\">\u041e\u043b\u0438\u043c\u043f\u0438\u0430\u0434\u043d\u0430\u044f \u043a\u043b\u0430\u0441\u0441\u0438\u043a\u0430 (3)<\/h3>\n\n\n\n<p><em>\u0420\u0435\u0448\u0438\u0442\u0435 \u0432 \u0446\u0435\u043b\u044b\u0445 \u0447\u0438\u0441\u043b\u0430\u0445 \u0443\u0440\u0430\u0432\u043d\u0435\u043d\u0438\u0435<\/em> 2<em>\u0430<\/em><em>b&nbsp;<\/em>+<em>&nbsp;<\/em>\u0417<em>\u0430<\/em><em>&nbsp;<\/em>+<em>&nbsp;<\/em><em>b<\/em>&nbsp;=&nbsp;0.<\/p>\n\n\n\n<div class=\"wp-block-image is-style-rounded\"><figure class=\"aligncenter size-large\"><img loading=\"lazy\" decoding=\"async\" width=\"600\" height=\"160\" src=\"https:\/\/tutmath.ru\/wp-content\/uploads\/2020\/08\/\u0414\u0438\u043e\u0444\u0430\u043d\u0442\u043e\u0432\u044b-\u0443\u0440\u0430\u0432\u043d\u0435\u043d\u0438\u044f.png\" alt=\"\" class=\"wp-image-779\" srcset=\"https:\/\/tutmath.ru\/wp-content\/uploads\/2020\/08\/\u0414\u0438\u043e\u0444\u0430\u043d\u0442\u043e\u0432\u044b-\u0443\u0440\u0430\u0432\u043d\u0435\u043d\u0438\u044f.png 600w, https:\/\/tutmath.ru\/wp-content\/uploads\/2020\/08\/\u0414\u0438\u043e\u0444\u0430\u043d\u0442\u043e\u0432\u044b-\u0443\u0440\u0430\u0432\u043d\u0435\u043d\u0438\u044f-300x80.png 300w\" sizes=\"auto, (max-width: 600px) 100vw, 600px\" \/><\/figure><\/div>\n\n\n\n<p><strong>\u0420\u0435\u0448\u0435\u043d\u0438\u0435<\/strong>.&nbsp;\u0423\u043c\u043d\u043e\u0436\u0438\u0432 \u043e\u0431\u0435 \u0447\u0430\u0441\u0442\u0438 \u0443\u0440\u0430\u0432\u043d\u0435\u043d\u0438\u044f \u043d\u0430 2, \u043f\u0440\u0435\u043e\u0431\u0440\u0430\u0437\u0443\u0435\u043c \u0443\u0440\u0430\u0432\u043d\u0435\u043d\u0438\u0435 \u0441\u043b\u0435\u0434\u0443\u044e\u0449\u0438\u043c \u043e\u0431\u0440\u0430\u0437\u043e\u043c:<\/p>\n\n\n\n<p class=\"has-text-align-center\">4<em>\u0430b\u00a0<\/em>+<em>\u00a0<\/em>6<em>\u0430\u00a0<\/em>+<em>\u00a0<\/em>2<em>b<\/em>\u00a0=\u00a00, <br>2<em>\u0430<\/em>(2<em>b\u00a0<\/em>+<em>\u00a0<\/em>3)+<em>\u00a0<\/em>2<em>b<\/em>\u00a0+\u00a03\u00a0\u2013\u00a03\u00a0=\u00a00, <br>2<em>\u0430<\/em>(2<em>b\u00a0<\/em>+<em>\u00a0<\/em>3)+<em>\u00a0<\/em>(2<em>b<\/em>\u00a0+\u00a03)\u00a0\u2013\u00a03\u00a0=\u00a00, <br>2<em>\u0430<\/em>(2<em>b\u00a0<\/em>+<em>\u00a0<\/em>3)+<em>\u00a0<\/em>(2<em>b<\/em>\u00a0+\u00a03)\u00a0=\u00a03, \u00a0<br>(2<em>\u0430<\/em> + 1)(2<em>b<\/em> + 3) = 3.<\/p>\n\n\n\n<p>\u0427\u0438\u0441\u043b\u043e 3 \u0440\u0430\u0441\u043a\u043b\u0430\u0434\u044b\u0432\u0430\u0435\u0442\u0441\u044f \u0432 \u043f\u0440\u043e\u0438\u0437\u0432\u0435\u0434\u0435\u043d\u0438\u0435 \u0434\u0432\u0443\u0445 \u0446\u0435\u043b\u044b\u0445 \u0447\u0438\u0441\u0435\u043b \u0447\u0435\u0442\u044b\u0440\u044c\u043c\u044f \u0441\u043f\u043e\u0441\u043e\u0431\u0430\u043c\u0438:<\/p>\n\n\n\n<p class=\"has-text-align-center\">3&nbsp;=&nbsp;1\u00d73&nbsp;=&nbsp;3\u00d71&nbsp;= (-1)\u00d7(-3)&nbsp;=&nbsp;(-3)\u00d7(-1).<\/p>\n\n\n\n<p>\u0412 \u043f\u0435\u0440\u0432\u043e\u043c \u0441\u043b\u0443\u0447\u0430\u0435<\/p>\n\n\n\n<p class=\"has-text-align-center\">2<em>\u0430<\/em> + 1 = 1, <em>2<\/em><em>b<\/em> + 3 = 3, \u0442. \u0435. <em>\u0430<\/em> = 0, <em>b<\/em> = 0.<\/p>\n\n\n\n<p>\u0412\u043e \u0432\u0442\u043e\u0440\u043e\u043c \u0441\u043b\u0443\u0447\u0430\u0435<\/p>\n\n\n\n<p class=\"has-text-align-center\">2<em>\u0430<\/em> + 1 = 3, 2<em>b<\/em> + 3 = 1, \u0442. \u0435. <em>\u0430<\/em> = 1, <em>b<\/em> = \u20131.<\/p>\n\n\n\n<p>\u0412 \u0442\u0440\u0435\u0442\u044c\u0435\u043c \u0441\u043b\u0443\u0447\u0430\u0435<\/p>\n\n\n\n<p class=\"has-text-align-center\">2<em>\u0430<\/em> + 1 = \u20131, <em>2<\/em><em>b<\/em> + 3 =&nbsp;\u20133, \u0442. \u0435. \u0430 = -1, <em>b<\/em> =&nbsp;\u20133.<\/p>\n\n\n\n<p>\u0412 \u0447\u0435\u0442\u0432\u0435\u0440\u0442\u043e\u043c \u0441\u043b\u0443\u0447\u0430\u0435<\/p>\n\n\n\n<p class=\"has-text-align-center\">2<em>\u0430<\/em> + 1 = \u20133, 2<em>b<\/em> + 3 = \u20131, \u0442. \u0435. <em>\u0430<\/em> = \u20132, <em>b<\/em> = \u20132.<\/p>\n\n\n\n<p>\u041e\u0442\u0432\u0435\u0442. (0;&nbsp;0), (1; \u20131), (\u20131; \u20133), (\u20132; \u20132).<\/p>\n\n\n\n<p><em>\u0427\u0438\u0441\u043b\u0430<\/em> 2<sup>1000<\/sup> <em>\u0438<\/em> 5<sup>1000<\/sup> <em>\u0432\u044b\u043f\u0438\u0441\u0430\u043d\u044b \u043e\u0434\u043d\u043e \u0437\u0430 \u0434\u0440\u0443\u0433\u0438\u043c \u0432 \u0434\u0435\u0441\u044f\u0442\u0438\u00ad\u0447\u043d\u043e\u0439 \u0437\u0430\u043f\u0438\u0441\u0438. \u0421\u043a\u043e\u043b\u044c\u043a\u043e \u0432\u0441\u0435\u0433\u043e \u0446\u0438\u0444\u0440 \u0432\u044b\u043f\u0438\u0441\u0430\u043d\u043e?<\/em><\/p>\n\n\n\n<p><strong>\u0420\u0435\u0448\u0435\u043d\u0438\u0435<\/strong>.&nbsp;\u041f\u0443\u0441\u0442\u044c 2<sup>1000<\/sup> \u2013 <em>m<\/em>-\u0437\u043d\u0430\u0447\u043d\u043e\u0435 \u0447\u0438\u0441\u043b\u043e \u0438 5<sup>1000<\/sup> \u2014 <em>n<\/em>-\u0437\u043d\u0430\u0447\u043d\u043e\u0435 \u0447\u0438\u0441\u00ad\u043b\u043e. \u042d\u0442\u043e \u043e\u0437\u043d\u0430\u0447\u0430\u0435\u0442, \u0447\u0442\u043e<\/p>\n\n\n\n<p class=\"has-text-align-center\">10<em><sup>m<\/sup><\/em><sup>\u20131<\/sup>&nbsp;&lt;&nbsp;2<sup>1000<\/sup>&nbsp;&lt;&nbsp;10<em><sup>m<\/sup><\/em> \u0438 10<em><sup>n&nbsp;<\/sup><\/em><em><sup>\u2013<\/sup><\/em><em><sup>&nbsp;<\/sup><\/em><sup>1<\/sup>&nbsp;&lt;&nbsp;5<sup>1000<\/sup>&nbsp;&lt;&nbsp;10<em><sup>n<\/sup><\/em>.<\/p>\n\n\n\n<p>\u041f\u0435\u0440\u0435\u043c\u043d\u043e\u0436\u0438\u0432 \u044d\u0442\u0438 \u043d\u0435\u0440\u0430\u0432\u0435\u043d\u0441\u0442\u0432\u0430, \u043c\u044b \u043f\u043e\u043b\u0443\u0447\u0438\u043c<\/p>\n\n\n\n<p class=\"has-text-align-center\">10<em><sup>m<\/sup><\/em><sup>+<\/sup><em><sup>n<\/sup><\/em><em><sup>\u2013<\/sup><\/em><sup>2<\/sup>&nbsp;&lt;&nbsp;10<sup>1000<\/sup>&nbsp;&lt;&nbsp;10<em><sup>m<\/sup><\/em><em><sup>+<\/sup><\/em><em><sup>n<\/sup><\/em>,<\/p>\n\n\n\n<p class=\"has-text-align-center\"><em>m<\/em>&nbsp;+&nbsp;<em>n&nbsp;<\/em>\u2013&nbsp;2&nbsp;&lt;&nbsp;1000&nbsp;&lt;&nbsp;<em>m<\/em>&nbsp;+&nbsp;<em>n<\/em>.<\/p>\n\n\n\n<p>\u041e\u0442\u0441\u044e\u0434\u0430 \u0441\u043b\u0435\u0434\u0443\u0435\u0442, \u0447\u0442\u043e \u0438\u0441\u043a\u043e\u043c\u043e\u0435 \u0447\u0438\u0441\u043b\u043e \u0446\u0438\u0444\u0440<\/p>\n\n\n\n<p class=\"has-text-align-center\"><em>\u0442<\/em>&nbsp;+<em>&nbsp;n<\/em>&nbsp;=&nbsp;1000&nbsp;+&nbsp;1&nbsp;=&nbsp;1001.<\/p>\n\n\n\n<p>\u041e\u0442\u0432\u0435\u0442. 1001 \u0446\u0438\u0444\u0440\u0430.<\/p>\n\n\n\n<p><em>\u041c\u043e\u0436\u043d\u043e \u043b\u0438 \u0432 \u043a\u043b\u0435\u0442\u043a\u0430\u0445 \u0442\u0430\u0431\u043b\u0438\u0446\u044b 2000<\/em><em>&nbsp;<\/em><em>\u0445<\/em><em>&nbsp;<\/em><em>2000 \u0440\u0430\u0441\u0441\u0442\u0430\u0432\u0438\u0442\u044c \u043d\u0430\u0442\u0443\u0440\u0430\u043b\u044c\u043d\u044b\u0435 \u0447\u0438\u0441\u043b\u0430 \u043e\u0442 1 \u0434\u043e 2000<sup>2<\/sup> \u0442\u0430\u043a, \u0447\u0442\u043e\u0431\u044b \u0434\u043b\u044f \u043b\u044e\u0431\u043e\u0439 \u043a\u043b\u0435\u0442\u043a\u0438 \u044d\u0442\u043e\u0439 \u0442\u0430\u0431\u043b\u0438\u0446\u044b \u0438\u0437 \u0441\u0442\u0440\u043e\u043a\u0438 \u0438\u043b\u0438 \u0438\u0437 \u0441\u0442\u043e\u043b\u0431\u0446\u0430, \u0441\u043e\u0434\u0435\u0440\u0436\u0430\u0449\u0438\u0445 \u044d\u0442\u0443 \u043a\u043b\u0435\u0442\u043a\u0443, \u043c\u043e\u0436\u043d\u043e \u0431\u044b\u043b\u043e \u0431\u044b \u0432\u044b\u0431\u0440\u0430\u0442\u044c \u0442\u0440\u043e\u0439\u043a\u0443<\/em><em> \u0447\u0438\u0441\u0435\u043b, \u043e\u0434\u043d\u043e \u0438\u0437 \u043a\u043e\u0442\u043e\u0440\u044b\u0445 \u0440\u0430\u0432\u043d\u043e \u043f\u0440\u043e\u0438\u0437\u0432\u0435\u0434\u0435\u043d\u0438\u044e \u0434\u0432\u0443\u0445 \u0434\u0440\u0443\u0433\u0438\u0445?<\/em><\/p>\n\n\n\n<div class=\"wp-block-image is-style-rounded\"><figure class=\"aligncenter size-large\"><img loading=\"lazy\" decoding=\"async\" width=\"600\" height=\"160\" src=\"https:\/\/tutmath.ru\/wp-content\/uploads\/2020\/08\/\u0422\u0430\u0431\u043b\u0438\u0446\u0430.png\" alt=\"\" class=\"wp-image-780\" srcset=\"https:\/\/tutmath.ru\/wp-content\/uploads\/2020\/08\/\u0422\u0430\u0431\u043b\u0438\u0446\u0430.png 600w, https:\/\/tutmath.ru\/wp-content\/uploads\/2020\/08\/\u0422\u0430\u0431\u043b\u0438\u0446\u0430-300x80.png 300w\" sizes=\"auto, (max-width: 600px) 100vw, 600px\" \/><\/figure><\/div>\n\n\n\n<p><strong>\u0420\u0435\u0448\u0435\u043d\u0438\u0435<\/strong>.&nbsp;\u0427\u0438\u0441\u043b\u0430 \u043e\u0442 1 \u0434\u043e 1999 \u043c\u043e\u0433\u0443\u0442 \u0440\u0430\u0441\u043f\u043e\u043b\u0430\u0433\u0430\u0442\u044c\u0441\u044f \u043d\u0435 \u0431\u043e\u043b\u0435\u0435 \u0447\u0435\u043c \u0432 1999 \u0441\u0442\u0440\u043e\u043a\u0430\u0445 \u0438 1999 \u0441\u0442\u043e\u043b\u0431\u0446\u0430\u0445. \u0417\u043d\u0430\u0447\u0438\u0442, \u043d\u0430\u0439\u0434\u0443\u0442\u0441\u044f \u0441\u0442\u0440\u043e\u043a\u0430 \u0438 \u0441\u0442\u043e\u043b\u0431\u0435\u0446, \u0432\u0441\u0435 \u0447\u0438\u0441\u043b\u0430 \u0432 \u043a\u043e\u0442\u043e\u0440\u044b\u0445 \u043d\u0435 \u043c\u0435\u043d\u044c\u0448\u0435 2000. \u041d\u043e \u0442\u043e\u0433\u0434\u0430 \u043f\u0440\u043e\u0438\u0437\u0432\u0435\u0434\u0435\u043d\u0438\u0435 \u043b\u044e\u0431\u044b\u0445 \u0434\u0432\u0443\u0445 \u0447\u0438\u0441\u0435\u043b \u0438\u0437 \u0442\u0430\u043a\u043e\u0439 \u0441\u0442\u0440\u043e\u043a\u0438 (\u0441\u0442\u043e\u043b\u0431\u0446\u0430) \u0431\u043e\u043b\u044c\u0448\u0435 2000<sup>2<\/sup>, \u0442.\u0435. \u0434\u043b\u044f \u043a\u043b\u0435\u0442\u043a\u0438, \u0440\u0430\u0441\u043f\u043e\u043b\u043e\u0436\u0435\u043d\u043d\u043e\u0439 \u043d\u0430 \u043f\u0435\u0440\u0435\u0441\u0435\u0447\u0435\u043d\u0438\u0438 \u0442\u0430\u043a\u0438\u0445 \u0441\u0442\u0440\u043e\u043a\u0438 \u0438 \u0441\u0442\u043e\u043b\u0431\u0446\u0430, \u0443\u0441\u043b\u043e\u0432\u0438\u0435 \u0437\u0430\u0434\u0430\u0447\u0438 \u043d\u0435 \u0432\u044b\u043f\u043e\u043b\u043d\u044f\u0435\u0442\u0441\u044f.<\/p>\n\n\n\n<p>\u041e\u0442\u0432\u0435\u0442. \u041d\u0435\u043b\u044c\u0437\u044f.<\/p>\n\n\n\n<p>\u041b\u0438\u0442\u0435\u0440\u0430\u0442\u0443\u0440\u0430.<br>\u0410\u0433\u0430\u0445\u0430\u043d\u043e\u0432 \u041d.\u0425. <em>\u041c\u0430\u0442\u0435\u043c\u0430\u0442\u0438\u043a\u0430. \u0420\u0430\u0439\u043e\u043d\u043d\u044b\u0435 \u043e\u043b\u0438\u043c\u043f\u0438\u0430\u0434\u044b<\/em><\/p>\n","protected":false},"excerpt":{"rendered":"<p>\u041e\u043b\u0438\u043c\u043f\u0438\u0430\u0434\u043d\u0430\u044f \u043a\u043b\u0430\u0441\u0441\u0438\u043a\u0430 (3) \u0420\u0435\u0448\u0438\u0442\u0435 \u0432 \u0446\u0435\u043b\u044b\u0445 \u0447\u0438\u0441\u043b\u0430\u0445 \u0443\u0440\u0430\u0432\u043d\u0435\u043d\u0438\u0435 2\u0430b&nbsp;+&nbsp;\u0417\u0430&nbsp;+&nbsp;b&nbsp;=&nbsp;0. \u0420\u0435\u0448\u0435\u043d\u0438\u0435.&nbsp;\u0423\u043c\u043d\u043e\u0436\u0438\u0432 \u043e\u0431\u0435 \u0447\u0430\u0441\u0442\u0438 \u0443\u0440\u0430\u0432\u043d\u0435\u043d\u0438\u044f \u043d\u0430 2, \u043f\u0440\u0435\u043e\u0431\u0440\u0430\u0437\u0443\u0435\u043c \u0443\u0440\u0430\u0432\u043d\u0435\u043d\u0438\u0435 \u0441\u043b\u0435\u0434\u0443\u044e\u0449\u0438\u043c \u043e\u0431\u0440\u0430\u0437\u043e\u043c: 4\u0430b\u00a0+\u00a06\u0430\u00a0+\u00a02b\u00a0=\u00a00, 2\u0430(2b\u00a0+\u00a03)+\u00a02b\u00a0+\u00a03\u00a0\u2013\u00a03\u00a0=\u00a00, 2\u0430(2b\u00a0+\u00a03)+\u00a0(2b\u00a0+\u00a03)\u00a0\u2013\u00a03\u00a0=\u00a00, 2\u0430(2b\u00a0+\u00a03)+\u00a0(2b\u00a0+\u00a03)\u00a0=\u00a03, \u00a0(2\u0430 + 1)(2b + 3) = 3. \u0427\u0438\u0441\u043b\u043e 3 \u0440\u0430\u0441\u043a\u043b\u0430\u0434\u044b\u0432\u0430\u0435\u0442\u0441\u044f \u0432 \u043f\u0440\u043e\u0438\u0437\u0432\u0435\u0434\u0435\u043d\u0438\u0435 \u0434\u0432\u0443\u0445 \u0446\u0435\u043b\u044b\u0445 \u0447\u0438\u0441\u0435\u043b \u0447\u0435\u0442\u044b\u0440\u044c\u043c\u044f \u0441\u043f\u043e\u0441\u043e\u0431\u0430\u043c\u0438: 3&nbsp;=&nbsp;1\u00d73&nbsp;=&nbsp;3\u00d71&nbsp;= (-1)\u00d7(-3)&nbsp;=&nbsp;(-3)\u00d7(-1). \u0412 \u043f\u0435\u0440\u0432\u043e\u043c \u0441\u043b\u0443\u0447\u0430\u0435 2\u0430 + 1 = 1,&hellip;<\/p>\n","protected":false},"author":1,"featured_media":0,"parent":0,"menu_order":0,"comment_status":"closed","ping_status":"closed","template":"","meta":{"footnotes":""},"class_list":["post-778","page","type-page","status-publish","hentry"],"_links":{"self":[{"href":"https:\/\/tutmath.ru\/index.php?rest_route=\/wp\/v2\/pages\/778","targetHints":{"allow":["GET"]}}],"collection":[{"href":"https:\/\/tutmath.ru\/index.php?rest_route=\/wp\/v2\/pages"}],"about":[{"href":"https:\/\/tutmath.ru\/index.php?rest_route=\/wp\/v2\/types\/page"}],"author":[{"embeddable":true,"href":"https:\/\/tutmath.ru\/index.php?rest_route=\/wp\/v2\/users\/1"}],"replies":[{"embeddable":true,"href":"https:\/\/tutmath.ru\/index.php?rest_route=%2Fwp%2Fv2%2Fcomments&post=778"}],"version-history":[{"count":2,"href":"https:\/\/tutmath.ru\/index.php?rest_route=\/wp\/v2\/pages\/778\/revisions"}],"predecessor-version":[{"id":782,"href":"https:\/\/tutmath.ru\/index.php?rest_route=\/wp\/v2\/pages\/778\/revisions\/782"}],"wp:attachment":[{"href":"https:\/\/tutmath.ru\/index.php?rest_route=%2Fwp%2Fv2%2Fmedia&parent=778"}],"curies":[{"name":"wp","href":"https:\/\/api.w.org\/{rel}","templated":true}]}}